{"id":3,"date":"2025-01-02T12:05:44","date_gmt":"2025-01-02T10:05:44","guid":{"rendered":"http:\/\/localhost:8888\/wordpress\/?page_id=3"},"modified":"2025-03-30T14:41:40","modified_gmt":"2025-03-30T11:41:40","slug":"tietosuojaseloste","status":"publish","type":"page","link":"https:\/\/www.jkhaapaniemi.fi\/?page_id=3","title":{"rendered":"Tietosuojaseloste"},"content":{"rendered":"\t\t<div data-elementor-type=\"wp-page\" data-elementor-id=\"3\" class=\"elementor elementor-3\">\n\t\t\t\t<div class=\"elementor-element elementor-element-6e247141 e-flex e-con-boxed e-con e-parent\" data-id=\"6e247141\" data-element_type=\"container\" data-e-type=\"container\">\n\t\t\t\t\t<div class=\"e-con-inner\">\n\t\t\t\t<div class=\"elementor-element elementor-element-310553d elementor-widget elementor-widget-heading\" data-id=\"310553d\" data-element_type=\"widget\" data-e-type=\"widget\" data-widget_type=\"heading.default\">\n\t\t\t\t<div class=\"elementor-widget-container\">\n\t\t\t\t\t<h2 class=\"elementor-heading-title elementor-size-default\">Tietosuojaseloste<\/h2>\t\t\t\t<\/div>\n\t\t\t\t<\/div>\n\t\t\t\t<div class=\"elementor-element elementor-element-2d79730f elementor-widget elementor-widget-text-editor\" data-id=\"2d79730f\" data-element_type=\"widget\" data-e-type=\"widget\" data-widget_type=\"text-editor.default\">\n\t\t\t\t<div class=\"elementor-widget-container\">\n\t\t\t\t\t\t\t\t\t<p style=\"margin: 0cm; font-size: 12pt; font-family: 'Times New Roman', serif; font-style: normal; font-weight: 400; background-image: initial; background-position: initial; background-size: initial; background-repeat: initial; background-attachment: initial; background-origin: initial; background-clip: initial;\"><strong><span style=\"font-size: 13pt; font-family: Roboto; color: #022026;\">1. Rekisterinpit\u00e4j\u00e4<\/span><\/strong><span style=\"font-size: 13pt; font-family: Roboto; color: #022026;\"><br \/><\/span><span lang=\"FI\" style=\"font-size: 13pt; font-family: Roboto; color: #022026;\">J&amp;K Haapaniemi Oy<\/span><span style=\"font-size: 13pt; font-family: Roboto; color: #022026;\"><br \/>Y-tunnus: 1704052-7<\/span><\/p>\n<p style=\"margin-right: 0cm; margin-left: 0cm; font-size: 12pt; font-family: 'Times New Roman', serif; font-style: normal; font-weight: 400; margin-bottom: 0cm; background-image: initial; background-position: initial; background-size: initial; background-repeat: initial; background-attachment: initial; background-origin: initial; background-clip: initial;\"><span lang=\"FI\" style=\"font-size: 13pt; font-family: Roboto; color: #022026;\">Vanha K\u00e4rpp\u00e4l\u00e4 131<\/span><span style=\"font-size: 13pt; font-family: Roboto; color: #022026;\"><br \/>38<\/span><span lang=\"FI\" style=\"font-size: 13pt; font-family: Roboto; color: #022026;\">140<\/span><span style=\"font-size: 13pt; font-family: Roboto; color: #022026;\"> Sastamala<\/span><\/p>\n<p style=\"margin-right: 0cm; margin-left: 0cm; font-size: 12pt; font-family: 'Times New Roman', serif; font-style: normal; font-weight: 400; margin-bottom: 0cm; background-image: initial; background-position: initial; background-size: initial; background-repeat: initial; background-attachment: initial; background-origin: initial; background-clip: initial;\"><span style=\"font-size: 13pt; font-family: Roboto; color: #022026;\">Puh:<\/span><span lang=\"FI\" style=\"font-size: 13pt; font-family: Roboto; color: #022026;\"> 0400 632 761<\/span><\/p>\n<p style=\"margin-right: 0cm; margin-left: 0cm; font-size: 12pt; font-family: 'Times New Roman', serif; font-style: normal; font-weight: 400; margin-bottom: 0cm; background-image: initial; background-position: initial; background-size: initial; background-repeat: initial; background-attachment: initial; background-origin: initial; background-clip: initial;\"><span lang=\"FI\" style=\"font-size: 13pt; font-family: Roboto; color: #022026;\">\u00a0<\/span><\/p>\n<p style=\"margin-right: 0cm; margin-left: 0cm; font-size: 12pt; font-family: 'Times New Roman', serif; font-style: normal; font-weight: 400; margin-bottom: 0cm; background-image: initial; background-position: initial; background-size: initial; background-repeat: initial; background-attachment: initial; background-origin: initial; background-clip: initial;\"><strong><span style=\"font-size: 13pt; font-family: Roboto; color: #022026;\">2. Yhteyshenkil\u00f6 rekisteri\u00e4 koskevissa asioissa<\/span><\/strong><span style=\"font-size: 13pt; font-family: Roboto; color: #022026;\"><br \/><\/span><span lang=\"FI\" style=\"font-size: 13pt; font-family: Roboto; color: #022026;\">Ja<\/span><span style=\"font-size: 13pt; font-family: Roboto; color: #022026;\">ri <\/span><span lang=\"FI\" style=\"font-size: 13pt; font-family: Roboto; color: #022026;\">H<\/span><span style=\"font-size: 13pt; font-family: Roboto; color: #022026;\">aapaniemi<\/span><b><\/b><\/p>\n<p style=\"margin-right: 0cm; margin-left: 0cm; font-size: 12pt; font-family: 'Times New Roman', serif; font-style: normal; font-weight: 400; margin-bottom: 0cm; background-image: initial; background-position: initial; background-size: initial; background-repeat: initial; background-attachment: initial; background-origin: initial; background-clip: initial;\"><span lang=\"FI\" style=\"font-size: 13pt; font-family: Roboto; color: #022026;\">Vanha K\u00e4rpp\u00e4l\u00e4 131<\/span><span style=\"font-size: 13pt; font-family: Roboto; color: #022026;\"><br \/>38<\/span><span lang=\"FI\" style=\"font-size: 13pt; font-family: Roboto; color: #022026;\">140<\/span><span style=\"font-size: 13pt; font-family: Roboto; color: #022026;\"> Sastamala<\/span><\/p>\n<p style=\"margin-right: 0cm; margin-left: 0cm; font-size: 12pt; font-family: 'Times New Roman', serif; font-style: normal; font-weight: 400; margin-bottom: 0cm; background-image: initial; background-position: initial; background-size: initial; background-repeat: initial; background-attachment: initial; background-origin: initial; background-clip: initial;\"><span lang=\"FI\" style=\"font-size: 13pt; font-family: Roboto; color: #022026;\">jari@jkhaapaniemi.fi<\/span><\/p>\n<p style=\"margin-right: 0cm; margin-left: 0cm; font-size: 12pt; font-family: 'Times New Roman', serif; font-style: normal; font-weight: 400; margin-bottom: 0cm; background-image: initial; background-position: initial; background-size: initial; background-repeat: initial; background-attachment: initial; background-origin: initial; background-clip: initial;\"><span lang=\"FI\" style=\"font-size: 13pt; font-family: Roboto; color: #022026;\">\u00a0<\/span><\/p>\n<p style=\"margin-right: 0cm; margin-left: 0cm; font-size: 12pt; font-family: 'Times New Roman', serif; font-style: normal; font-weight: 400; margin-bottom: 0cm; background-image: initial; background-position: initial; background-size: initial; background-repeat: initial; background-attachment: initial; background-origin: initial; background-clip: initial;\"><strong><span style=\"font-size: 13pt; font-family: Roboto; color: #022026;\">3. Rekisterin nimi<\/span><\/strong><span style=\"font-size: 13pt; font-family: Roboto; color: #022026;\"><br \/><\/span><span lang=\"FI\" style=\"font-size: 13pt; font-family: Roboto; color: #022026;\">J&amp;K Haapaniemi<\/span><span style=\"font-size: 13pt; font-family: Roboto; color: #022026;\"> Oy:n markkinointi- ja analytiikkarekisteri.<\/span><\/p>\n<p style=\"margin-right: 0cm; margin-left: 0cm; font-size: 12pt; font-family: 'Times New Roman', serif; font-style: normal; font-weight: 400; margin-bottom: 0cm; background-image: initial; background-position: initial; background-size: initial; background-repeat: initial; background-attachment: initial; background-origin: initial; background-clip: initial;\"><span style=\"font-size: 13pt; font-family: Roboto; color: #022026;\">\u00a0<\/span><\/p>\n<p style=\"margin-right: 0cm; margin-left: 0cm; font-size: 12pt; font-family: 'Times New Roman', serif; font-style: normal; font-weight: 400; margin-bottom: 0cm; background-image: initial; background-position: initial; background-size: initial; background-repeat: initial; background-attachment: initial; background-origin: initial; background-clip: initial;\"><strong><span style=\"font-size: 13pt; font-family: Roboto; color: #022026;\">4. Henkil\u00f6tietojen k\u00e4sittelyn tarkoitus<\/span><\/strong><span style=\"font-size: 13pt; font-family: Roboto; color: #022026;\"><br \/>Rekisterin tarkoituksena on rekisterinpit\u00e4j\u00e4n ja asiakkaan v\u00e4lisen asiakassuhteen hoitaminen, sek\u00e4 markkinointi ja viestint\u00e4. Rekisterin hallinta ja tietojen k\u00e4sittely voidaan ulkoistaa rekisterinpit\u00e4j\u00e4n yhteisty\u00f6kumppanille, joka on sitoutunut noudattamaan t\u00e4t\u00e4 rekisteriselostetta.<\/span><\/p>\n<p style=\"margin-right: 0cm; margin-left: 0cm; font-size: 12pt; font-family: 'Times New Roman', serif; font-style: normal; font-weight: 400; margin-bottom: 0cm; background-image: initial; background-position: initial; background-size: initial; background-repeat: initial; background-attachment: initial; background-origin: initial; background-clip: initial;\"><span style=\"font-size: 13pt; font-family: Roboto; color: #022026;\">\u00a0<\/span><\/p>\n<p style=\"margin-right: 0cm; margin-left: 0cm; font-size: 12pt; font-family: 'Times New Roman', serif; font-style: normal; font-weight: 400; margin-bottom: 0cm; background-image: initial; background-position: initial; background-size: initial; background-repeat: initial; background-attachment: initial; background-origin: initial; background-clip: initial;\"><strong><span style=\"font-size: 13pt; font-family: Roboto; color: #022026;\">5. Rekisterin tietosis\u00e4lt\u00f6<\/span><\/strong><span style=\"font-size: 13pt; font-family: Roboto; color: #022026;\"><br \/>Rekisteri saattaa sis\u00e4lt\u00e4\u00e4 seuraavia tietoja asiakkaasta:<br \/>\u2013 Nimi<br \/>\u2013 Puhelinnumero<br \/>\u2013 Osoite<br \/>\u2013 S\u00e4hk\u00f6postiosoite<br \/>\u2013 Organisaation nimi ja y-tunnus<br \/>\u2013 Yhteysloki<\/span><\/p>\n<p style=\"margin-right: 0cm; margin-left: 0cm; font-size: 12pt; font-family: 'Times New Roman', serif; font-style: normal; font-weight: 400; margin-bottom: 0cm; background-image: initial; background-position: initial; background-size: initial; background-repeat: initial; background-attachment: initial; background-origin: initial; background-clip: initial;\"><span style=\"font-size: 13pt; font-family: Roboto; color: #022026;\">\u00a0<\/span><\/p>\n<p style=\"margin-right: 0cm; margin-left: 0cm; font-size: 12pt; font-family: 'Times New Roman', serif; font-style: normal; font-weight: 400; margin-bottom: 0cm; background-image: initial; background-position: initial; background-size: initial; background-repeat: initial; background-attachment: initial; background-origin: initial; background-clip: initial;\"><strong><span style=\"font-size: 13pt; font-family: Roboto; color: #022026;\">6. S\u00e4\u00e4nt\u00f6jen mukaiset tietol\u00e4hteet<\/span><\/strong><span style=\"font-size: 13pt; font-family: Roboto; color: #022026;\"><br \/>Rekisteri koostetaan rekisterinpit\u00e4j\u00e4n asiakastietoj\u00e4rjestelm\u00e4st\u00e4 sek\u00e4 sivuston k\u00e4vij\u00e4seurantaty\u00f6kalusta, yleisesti saatavilla olevista internetl\u00e4hteist\u00e4 ja muista julkisista sek\u00e4 maksuttomista ett\u00e4 maksullisista l\u00e4hteist\u00e4.<\/span><\/p>\n<p style=\"margin-right: 0cm; margin-left: 0cm; font-size: 12pt; font-family: 'Times New Roman', serif; font-style: normal; font-weight: 400; margin-bottom: 0cm; background-image: initial; background-position: initial; background-size: initial; background-repeat: initial; background-attachment: initial; background-origin: initial; background-clip: initial;\"><span style=\"font-size: 13pt; font-family: Roboto; color: #022026;\">\u00a0<\/span><\/p>\n<p style=\"margin-right: 0cm; margin-left: 0cm; font-size: 12pt; font-family: 'Times New Roman', serif; font-style: normal; font-weight: 400; margin-bottom: 0cm; background-image: initial; background-position: initial; background-size: initial; background-repeat: initial; background-attachment: initial; background-origin: initial; background-clip: initial;\"><strong><span style=\"font-size: 13pt; font-family: Roboto; color: #022026;\">7. Tietojen s\u00e4\u00e4nn\u00f6nmukaiset luovutukset<\/span><\/strong><span style=\"font-size: 13pt; font-family: Roboto; color: #022026;\"><br \/>Rekisterinpit\u00e4j\u00e4 ei luovuta tietoja ulkopuolisille lukuun ottamatta kohdassa 4 mainittua rekisterinpit\u00e4j\u00e4n yhteisty\u00f6kumppania, paitsi Suomen viranomaistoimien niin edellytt\u00e4ess\u00e4.<\/span><\/p>\n<p style=\"margin-right: 0cm; margin-left: 0cm; font-size: 12pt; font-family: 'Times New Roman', serif; font-style: normal; font-weight: 400; margin-bottom: 0cm; background-image: initial; background-position: initial; background-size: initial; background-repeat: initial; background-attachment: initial; background-origin: initial; background-clip: initial;\"><span style=\"font-size: 13pt; font-family: Roboto; color: #022026;\">\u00a0<\/span><\/p>\n<p style=\"margin-right: 0cm; margin-left: 0cm; font-size: 12pt; font-family: 'Times New Roman', serif; font-style: normal; font-weight: 400; margin-bottom: 0cm; background-image: initial; background-position: initial; background-size: initial; background-repeat: initial; background-attachment: initial; background-origin: initial; background-clip: initial;\"><strong><span style=\"font-size: 13pt; font-family: Roboto; color: #022026;\">8. Tietojen siirto EU:n tai ETA:n ulkopuolelle<\/span><\/strong><span style=\"font-size: 13pt; font-family: Roboto; color: #022026;\"><br \/>Henkil\u00f6tietoja ei p\u00e4\u00e4s\u00e4\u00e4nt\u00f6isesti siirret\u00e4 Euroopan unionin tai Euroopan talousalueen ulkopuolelle.<\/span><\/p>\n<p style=\"margin-right: 0cm; margin-left: 0cm; font-size: 12pt; font-family: 'Times New Roman', serif; font-style: normal; font-weight: 400; margin-bottom: 0cm; background-image: initial; background-position: initial; background-size: initial; background-repeat: initial; background-attachment: initial; background-origin: initial; background-clip: initial;\"><span style=\"font-size: 13pt; font-family: Roboto; color: #022026;\">\u00a0<\/span><\/p>\n<p style=\"margin-right: 0cm; margin-left: 0cm; font-size: 12pt; font-family: 'Times New Roman', serif; font-style: normal; font-weight: 400; margin-bottom: 0cm; background-image: initial; background-position: initial; background-size: initial; background-repeat: initial; background-attachment: initial; background-origin: initial; background-clip: initial;\"><strong><span style=\"font-size: 13pt; font-family: Roboto; color: #022026;\">9. Rekisterin suojauksen periaatteet<\/span><\/strong><span style=\"font-size: 13pt; font-family: Roboto; color: #022026;\"><br \/>Henkil\u00f6tiedot s\u00e4ilytet\u00e4\u00e4n luottamuksellisina. Rekisterinpit\u00e4j\u00e4n ja sen mahdollisten tietotekniikkakumppaneiden tietoverkko ja laitteisto, jolla rekisteri sijaitsee, on suojattu palomuurilla ja muilla tarvittavilla teknisill\u00e4 toimenpiteill\u00e4.<\/span><\/p>\n<p style=\"margin-right: 0cm; margin-left: 0cm; font-size: 12pt; font-family: 'Times New Roman', serif; font-style: normal; font-weight: 400; margin-bottom: 0cm; background-image: initial; background-position: initial; background-size: initial; background-repeat: initial; background-attachment: initial; background-origin: initial; background-clip: initial;\"><span style=\"font-size: 13pt; font-family: Roboto; color: #022026;\">\u00a0<\/span><\/p>\n<p style=\"margin-right: 0cm; margin-left: 0cm; font-size: 12pt; font-family: 'Times New Roman', serif; font-style: normal; font-weight: 400; margin-bottom: 0cm; background-image: initial; background-position: initial; background-size: initial; background-repeat: initial; background-attachment: initial; background-origin: initial; background-clip: initial;\"><strong><span style=\"font-size: 13pt; font-family: Roboto; color: #022026;\">10. Ev\u00e4steet<\/span><\/strong><span style=\"font-size: 13pt; font-family: Roboto; color: #022026;\"><br \/>Rekisterinpit\u00e4j\u00e4n sivuilla saatetaan k\u00e4ytt\u00e4\u00e4 ev\u00e4steit\u00e4 k\u00e4ytt\u00f6kokemuksen kehitt\u00e4miseksi. Ev\u00e4ste on tekstitiedosto, joka verkkosivulla k\u00e4ydess\u00e4 tallentuu k\u00e4ytt\u00e4j\u00e4n tietokoneelle. Se sis\u00e4lt\u00e4\u00e4 tietoja ja sit\u00e4 k\u00e4ytet\u00e4\u00e4n mm. markkinointiin ja sivuston kehitt\u00e4miseen. Ev\u00e4steiden avulla ker\u00e4t\u00e4\u00e4n tietoa sivujen k\u00e4yt\u00f6st\u00e4. K\u00e4ytt\u00e4j\u00e4n henkil\u00f6llisyys ei k\u00e4y ilmi ev\u00e4steiden avulla. K\u00e4ytt\u00e4j\u00e4 voi poistaa ev\u00e4steet k\u00e4yt\u00f6st\u00e4 selaimen asetuksista. Rekisterinpit\u00e4j\u00e4n ei takaa, ett\u00e4 sivusto toimii oikein ev\u00e4steiden poistamisen j\u00e4lkeen.<\/span><\/p>\n<p style=\"margin: 0cm 0cm 8pt; font-size: 12pt; font-family: Aptos, sans-serif; line-height: 18.4px; font-style: normal; font-weight: 400;\">\u00a0<\/p>\t\t\t\t\t\t\t\t<\/div>\n\t\t\t\t<\/div>\n\t\t\t\t\t<\/div>\n\t\t\t\t<\/div>\n\t\t\t\t<\/div>\n\t\t","protected":false},"excerpt":{"rendered":"<p>Tietosuojaseloste 1. Rekisterinpit\u00e4j\u00e4J&amp;K Haapaniemi OyY-tunnus: 1704052-7 Vanha K\u00e4rpp\u00e4l\u00e4 13138140 Sastamala Puh: 0400 632 761 \u00a0 2. Yhteyshenkil\u00f6 rekisteri\u00e4 koskevissa asioissaJari Haapaniemi Vanha K\u00e4rpp\u00e4l\u00e4 13138140 Sastamala jari@jkhaapaniemi.fi \u00a0 3. Rekisterin nimiJ&amp;K Haapaniemi Oy:n markkinointi- ja analytiikkarekisteri. \u00a0 4. Henkil\u00f6tietojen k\u00e4sittelyn tarkoitusRekisterin tarkoituksena on rekisterinpit\u00e4j\u00e4n ja asiakkaan v\u00e4lisen asiakassuhteen hoitaminen, sek\u00e4 markkinointi ja viestint\u00e4. Rekisterin hallinta ja [&hellip;]<\/p>\n","protected":false},"author":1,"featured_media":0,"parent":0,"menu_order":0,"comment_status":"closed","ping_status":"open","template":"","meta":{"site-sidebar-layout":"default","site-content-layout":"","ast-site-content-layout":"default","site-content-style":"default","site-sidebar-style":"default","ast-global-header-display":"","ast-banner-title-visibility":"","ast-main-header-display":"","ast-hfb-above-header-display":"","ast-hfb-below-header-display":"","ast-hfb-mobile-header-display":"","site-post-title":"","ast-breadcrumbs-content":"","ast-featured-img":"","footer-sml-layout":"","ast-disable-related-posts":"","theme-transparent-header-meta":"","adv-header-id-meta":"","stick-header-meta":"","header-above-stick-meta":"","header-main-stick-meta":"","header-below-stick-meta":"","astra-migrate-meta-layouts":"default","ast-page-background-enabled":"default","ast-page-background-meta":{"desktop":{"background-color":"","background-image":"","background-repeat":"repeat","background-position":"center center","background-size":"auto","background-attachment":"scroll","background-type":"","background-media":"","overlay-type":"","overlay-color":"","overlay-opacity":"","overlay-gradient":""},"tablet":{"background-color":"","background-image":"","background-repeat":"repeat","background-position":"center center","background-size":"auto","background-attachment":"scroll","background-type":"","background-media":"","overlay-type":"","overlay-color":"","overlay-opacity":"","overlay-gradient":""},"mobile":{"background-color":"","background-image":"","background-repeat":"repeat","background-position":"center center","background-size":"auto","background-attachment":"scroll","background-type":"","background-media":"","overlay-type":"","overlay-color":"","overlay-opacity":"","overlay-gradient":""}},"ast-content-background-meta":{"desktop":{"background-color":"var(--ast-global-color-5)","background-image":"","background-repeat":"repeat","background-position":"center center","background-size":"auto","background-attachment":"scroll","background-type":"","background-media":"","overlay-type":"","overlay-color":"","overlay-opacity":"","overlay-gradient":""},"tablet":{"background-color":"var(--ast-global-color-5)","background-image":"","background-repeat":"repeat","background-position":"center center","background-size":"auto","background-attachment":"scroll","background-type":"","background-media":"","overlay-type":"","overlay-color":"","overlay-opacity":"","overlay-gradient":""},"mobile":{"background-color":"var(--ast-global-color-5)","background-image":"","background-repeat":"repeat","background-position":"center center","background-size":"auto","background-attachment":"scroll","background-type":"","background-media":"","overlay-type":"","overlay-color":"","overlay-opacity":"","overlay-gradient":""}},"footnotes":""},"class_list":["post-3","page","type-page","status-publish","hentry"],"_links":{"self":[{"href":"https:\/\/www.jkhaapaniemi.fi\/index.php?rest_route=\/wp\/v2\/pages\/3","targetHints":{"allow":["GET"]}}],"collection":[{"href":"https:\/\/www.jkhaapaniemi.fi\/index.php?rest_route=\/wp\/v2\/pages"}],"about":[{"href":"https:\/\/www.jkhaapaniemi.fi\/index.php?rest_route=\/wp\/v2\/types\/page"}],"author":[{"embeddable":true,"href":"https:\/\/www.jkhaapaniemi.fi\/index.php?rest_route=\/wp\/v2\/users\/1"}],"replies":[{"embeddable":true,"href":"https:\/\/www.jkhaapaniemi.fi\/index.php?rest_route=%2Fwp%2Fv2%2Fcomments&post=3"}],"version-history":[{"count":3,"href":"https:\/\/www.jkhaapaniemi.fi\/index.php?rest_route=\/wp\/v2\/pages\/3\/revisions"}],"predecessor-version":[{"id":1873,"href":"https:\/\/www.jkhaapaniemi.fi\/index.php?rest_route=\/wp\/v2\/pages\/3\/revisions\/1873"}],"wp:attachment":[{"href":"https:\/\/www.jkhaapaniemi.fi\/index.php?rest_route=%2Fwp%2Fv2%2Fmedia&parent=3"}],"curies":[{"name":"wp","href":"https:\/\/api.w.org\/{rel}","templated":true}]}}